{"id":1243,"date":"2017-10-20T10:01:58","date_gmt":"2017-10-20T07:01:58","guid":{"rendered":"http:\/\/cnf-ry.fi\/?page_id=1243\/"},"modified":"2017-10-20T10:21:00","modified_gmt":"2017-10-20T07:21:00","slug":"cnf-ry","status":"publish","type":"page","link":"https:\/\/cnf-ry.fi\/sv\/cnf-ry\/","title":{"rendered":"CNF ry"},"content":{"rendered":"<h3>CNF ebjuder sina medlemmar<\/h3>\n<ul>\n<li>Utbildning och kunskap om branschen utveckling<\/li>\n<li>Benchmarking och m\u00f6jlighet att bilda n\u00e4tverk<\/li>\n<li>Bes\u00f6ksresor<\/li>\n<li>Internationella och nationella forskingsresultat<\/li>\n<\/ul>\n<h3><strong>Kort historik<\/strong><\/h3>\n<p>Congress Network Finland ry grundades \u00e5r 2010 f\u00f6r att uppr\u00e4tth\u00e5lla diskussionen inom kategorierna och blev d\u00e4rmed ett arbetsredskap f\u00f6r alla inom branschen. Idag har CNF ett n\u00e4ra samarbete med Finpro och Finland Convention Bureau f\u00f6r att f\u00f6rb\u00e4ttra och beh\u00e5lla Finlands positiva rykte inom branschen. F\u00f6reningen \u00e4r \u00e4nnu relativt ung och s\u00f6ker sin form f\u00f6r att alla medlemmar skall f\u00e5 ut det b\u00e4sta av verksamheten.<\/p>\n<h3>F\u00f6reningens regler<\/h3>\n<p>Bara p\u00e5 finska (f\u00f6r mer information kontakta sekreteraren)<\/p>\n","protected":false},"excerpt":{"rendered":"<p>CNF ebjuder sina medlemmar Utbildning och kunskap om branschen utveckling Benchmarking och m\u00f6jlighet att bilda n\u00e4tverk Bes\u00f6ksresor Internationella och nationella [&hellip;]<\/p>\n","protected":false},"author":13,"featured_media":1710,"parent":0,"menu_order":0,"comment_status":"closed","ping_status":"closed","template":"","meta":{"_acf_changed":false,"footnotes":""},"class_list":["post-1243","page","type-page","status-publish","has-post-thumbnail","hentry"],"acf":[],"_links":{"self":[{"href":"https:\/\/cnf-ry.fi\/sv\/wp-json\/wp\/v2\/pages\/1243","targetHints":{"allow":["GET"]}}],"collection":[{"href":"https:\/\/cnf-ry.fi\/sv\/wp-json\/wp\/v2\/pages"}],"about":[{"href":"https:\/\/cnf-ry.fi\/sv\/wp-json\/wp\/v2\/types\/page"}],"author":[{"embeddable":true,"href":"https:\/\/cnf-ry.fi\/sv\/wp-json\/wp\/v2\/users\/13"}],"replies":[{"embeddable":true,"href":"https:\/\/cnf-ry.fi\/sv\/wp-json\/wp\/v2\/comments?post=1243"}],"version-history":[{"count":4,"href":"https:\/\/cnf-ry.fi\/sv\/wp-json\/wp\/v2\/pages\/1243\/revisions"}],"predecessor-version":[{"id":1257,"href":"https:\/\/cnf-ry.fi\/sv\/wp-json\/wp\/v2\/pages\/1243\/revisions\/1257"}],"wp:featuredmedia":[{"embeddable":true,"href":"https:\/\/cnf-ry.fi\/sv\/wp-json\/wp\/v2\/media\/1710"}],"wp:attachment":[{"href":"https:\/\/cnf-ry.fi\/sv\/wp-json\/wp\/v2\/media?parent=1243"}],"curies":[{"name":"wp","href":"https:\/\/api.w.org\/{rel}","templated":true}]}}