{"id":1253,"date":"2017-10-20T10:18:06","date_gmt":"2017-10-20T07:18:06","guid":{"rendered":"http:\/\/cnf-ry.fi\/?page_id=1253\/"},"modified":"2017-10-20T10:18:06","modified_gmt":"2017-10-20T07:18:06","slug":"kategoriarbete","status":"publish","type":"page","link":"https:\/\/cnf-ry.fi\/sv\/om-cnf\/kategoriarbete\/","title":{"rendered":"Kategoriarbete"},"content":{"rendered":"<p>Ett av de viktigaste omr\u00e5dena inom CNF\u00b4s verksamhet \u00e4r att erbjuda v\u00e5ra medlemmar m\u00f6jlighet till \u00f6msesidigt utbyte av professionell information.<\/p>\n<p>Kategorim\u00f6tena sammanfaller alltid med CNF\u00b4s v\u00e5r- och h\u00f6stm\u00f6ten. D\u00e4r ges alltid m\u00f6jlighet att tr\u00e4ffas och utbyta erfarenheter med andra professionella inom ens eget specialomr\u00e5de. Alla kategorier har en kontaktperson som f\u00f6re m\u00f6tena tar emot fr\u00e5gor och id\u00e9er till f\u00f6redragningslistan.<\/p>\n<p><strong>Kategorier<\/strong><\/p>\n<ul>\n<li>Destinations<\/li>\n<li>Venues<\/li>\n<li>Hotels and Restaurants<\/li>\n<li>Congress and Special Services<\/li>\n<\/ul>\n","protected":false},"excerpt":{"rendered":"<p>Ett av de viktigaste omr\u00e5dena inom CNF\u00b4s verksamhet \u00e4r att erbjuda v\u00e5ra medlemmar m\u00f6jlighet till \u00f6msesidigt utbyte av professionell information. [&hellip;]<\/p>\n","protected":false},"author":13,"featured_media":1401,"parent":1240,"menu_order":50,"comment_status":"closed","ping_status":"closed","template":"","meta":{"_acf_changed":false,"footnotes":""},"class_list":["post-1253","page","type-page","status-publish","has-post-thumbnail","hentry"],"acf":[],"_links":{"self":[{"href":"https:\/\/cnf-ry.fi\/sv\/wp-json\/wp\/v2\/pages\/1253","targetHints":{"allow":["GET"]}}],"collection":[{"href":"https:\/\/cnf-ry.fi\/sv\/wp-json\/wp\/v2\/pages"}],"about":[{"href":"https:\/\/cnf-ry.fi\/sv\/wp-json\/wp\/v2\/types\/page"}],"author":[{"embeddable":true,"href":"https:\/\/cnf-ry.fi\/sv\/wp-json\/wp\/v2\/users\/13"}],"replies":[{"embeddable":true,"href":"https:\/\/cnf-ry.fi\/sv\/wp-json\/wp\/v2\/comments?post=1253"}],"version-history":[{"count":1,"href":"https:\/\/cnf-ry.fi\/sv\/wp-json\/wp\/v2\/pages\/1253\/revisions"}],"predecessor-version":[{"id":1254,"href":"https:\/\/cnf-ry.fi\/sv\/wp-json\/wp\/v2\/pages\/1253\/revisions\/1254"}],"up":[{"embeddable":true,"href":"https:\/\/cnf-ry.fi\/sv\/wp-json\/wp\/v2\/pages\/1240"}],"wp:featuredmedia":[{"embeddable":true,"href":"https:\/\/cnf-ry.fi\/sv\/wp-json\/wp\/v2\/media\/1401"}],"wp:attachment":[{"href":"https:\/\/cnf-ry.fi\/sv\/wp-json\/wp\/v2\/media?parent=1253"}],"curies":[{"name":"wp","href":"https:\/\/api.w.org\/{rel}","templated":true}]}}