{"id":1263,"date":"2017-10-20T10:42:41","date_gmt":"2017-10-20T07:42:41","guid":{"rendered":"http:\/\/cnf-ry.fi\/?page_id=1263\/"},"modified":"2017-10-20T10:42:41","modified_gmt":"2017-10-20T07:42:41","slug":"bli-medlem","status":"publish","type":"page","link":"https:\/\/cnf-ry.fi\/sv\/bli-medlem\/","title":{"rendered":"Bli Medlem"},"content":{"rendered":"<p>Alla f\u00f6retag i branschen samt studerande \u00e4r varmt v\u00e4lkomna att ansluta sig till f\u00f6reningen.<\/p>\n<p>Som medlem godk\u00e4nns r\u00e4ttsbeh\u00f6riga f\u00f6retag, andelslag, f\u00f6reningar, fonder, annat samfund eller person som anh\u00e5llit om medlemskap och godk\u00e4nts av styrelsen.<\/p>\n<h3>Medlemsavgiften<\/h3>\n<ul>\n<li>\u00c5rsavgift 350,-\u00a0 mvs 0% per f\u00f6retag<\/li>\n<li>Studerande 50,- mvs 0%<\/li>\n<\/ul>\n<p>Medlemsavgiften t\u00e4cker 2 personers n\u00e4rvaro vid skolningstillf\u00e4llen. \u00d6vriga personer betalar en avgift.<\/p>\n<p>Om du \u00e4r intresserad av medlemskap, <a href=\"http:\/\/cnf-ry.fi\/sv\/kontakt\/\">kontakta g\u00e4rna sekreteraren<\/a>.<\/p>\n<h3>Upps\u00e4gning av medlemskapet<\/h3>\n<p>B\u00f6r g\u00f6ras skriftligt till styrelsen eller dess ordf\u00f6rande, eller muntligt f\u00f6r att antecknas i m\u00f6tesprotokollet senast 2 m\u00e5nader f\u00f6re kalender\u00e5rets slut, d\u00e5 avg\u00e5ngen tr\u00e4der i kraft vid kalender\u00e5rets slut.<\/p>\n","protected":false},"excerpt":{"rendered":"<p>Alla f\u00f6retag i branschen samt studerande \u00e4r varmt v\u00e4lkomna att ansluta sig till f\u00f6reningen. Som medlem godk\u00e4nns r\u00e4ttsbeh\u00f6riga f\u00f6retag, andelslag, [&hellip;]<\/p>\n","protected":false},"author":13,"featured_media":587,"parent":0,"menu_order":0,"comment_status":"closed","ping_status":"closed","template":"","meta":{"_acf_changed":false,"footnotes":""},"class_list":["post-1263","page","type-page","status-publish","has-post-thumbnail","hentry"],"acf":[],"_links":{"self":[{"href":"https:\/\/cnf-ry.fi\/sv\/wp-json\/wp\/v2\/pages\/1263","targetHints":{"allow":["GET"]}}],"collection":[{"href":"https:\/\/cnf-ry.fi\/sv\/wp-json\/wp\/v2\/pages"}],"about":[{"href":"https:\/\/cnf-ry.fi\/sv\/wp-json\/wp\/v2\/types\/page"}],"author":[{"embeddable":true,"href":"https:\/\/cnf-ry.fi\/sv\/wp-json\/wp\/v2\/users\/13"}],"replies":[{"embeddable":true,"href":"https:\/\/cnf-ry.fi\/sv\/wp-json\/wp\/v2\/comments?post=1263"}],"version-history":[{"count":1,"href":"https:\/\/cnf-ry.fi\/sv\/wp-json\/wp\/v2\/pages\/1263\/revisions"}],"predecessor-version":[{"id":1264,"href":"https:\/\/cnf-ry.fi\/sv\/wp-json\/wp\/v2\/pages\/1263\/revisions\/1264"}],"wp:featuredmedia":[{"embeddable":true,"href":"https:\/\/cnf-ry.fi\/sv\/wp-json\/wp\/v2\/media\/587"}],"wp:attachment":[{"href":"https:\/\/cnf-ry.fi\/sv\/wp-json\/wp\/v2\/media?parent=1263"}],"curies":[{"name":"wp","href":"https:\/\/api.w.org\/{rel}","templated":true}]}}