{"id":788,"date":"2017-04-18T20:48:28","date_gmt":"2017-04-18T17:48:28","guid":{"rendered":"http:\/\/u43398.shellit.org\/?page_id=788\/"},"modified":"2017-10-20T09:54:46","modified_gmt":"2017-10-20T06:54:46","slug":"frontsidan","status":"publish","type":"page","link":"https:\/\/cnf-ry.fi\/sv\/","title":{"rendered":"Frontsidan"},"content":{"rendered":"<h3>Congress Network Finland ry &#8211; N\u00e4tverk f\u00f6r professionella inom m\u00f6tesindustrin i Finland<\/h3>\n<p>CNF \u00e4r en finl\u00e4ndsk f\u00f6rening inom m\u00f6tesindustrin, vars m\u00e5l \u00e4r att befr\u00e4mja och utveckla medlemmarnas professionella utbildning, utvidga medlemmarnas n\u00e4tverk, utveckla forskningen inom omr\u00e5det, dela information samt agera som intressebevakare f\u00f6r branschen tillsammans med andra akt\u00f6rer.<\/p>\n<p>F\u00f6reningen har f\u00f6r tillf\u00e4llet 70 medlemmar runtom i Finland. \u00c4r du intresserad av att komma med?<\/p>\n","protected":false},"excerpt":{"rendered":"<p>Congress Network Finland ry &#8211; N\u00e4tverk f\u00f6r professionella inom m\u00f6tesindustrin i Finland CNF \u00e4r en finl\u00e4ndsk f\u00f6rening inom m\u00f6tesindustrin, vars [&hellip;]<\/p>\n","protected":false},"author":13,"featured_media":461,"parent":0,"menu_order":0,"comment_status":"closed","ping_status":"closed","template":"front-page.php","meta":{"_acf_changed":false,"footnotes":""},"class_list":["post-788","page","type-page","status-publish","has-post-thumbnail","hentry"],"acf":[],"_links":{"self":[{"href":"https:\/\/cnf-ry.fi\/sv\/wp-json\/wp\/v2\/pages\/788","targetHints":{"allow":["GET"]}}],"collection":[{"href":"https:\/\/cnf-ry.fi\/sv\/wp-json\/wp\/v2\/pages"}],"about":[{"href":"https:\/\/cnf-ry.fi\/sv\/wp-json\/wp\/v2\/types\/page"}],"author":[{"embeddable":true,"href":"https:\/\/cnf-ry.fi\/sv\/wp-json\/wp\/v2\/users\/13"}],"replies":[{"embeddable":true,"href":"https:\/\/cnf-ry.fi\/sv\/wp-json\/wp\/v2\/comments?post=788"}],"version-history":[{"count":4,"href":"https:\/\/cnf-ry.fi\/sv\/wp-json\/wp\/v2\/pages\/788\/revisions"}],"predecessor-version":[{"id":1239,"href":"https:\/\/cnf-ry.fi\/sv\/wp-json\/wp\/v2\/pages\/788\/revisions\/1239"}],"wp:featuredmedia":[{"embeddable":true,"href":"https:\/\/cnf-ry.fi\/sv\/wp-json\/wp\/v2\/media\/461"}],"wp:attachment":[{"href":"https:\/\/cnf-ry.fi\/sv\/wp-json\/wp\/v2\/media?parent=788"}],"curies":[{"name":"wp","href":"https:\/\/api.w.org\/{rel}","templated":true}]}}